{"id":34,"date":"2012-03-23T18:22:05","date_gmt":"2012-03-23T18:22:05","guid":{"rendered":"http:\/\/inmuebleslafortaleza.com\/?page_id=34"},"modified":"2017-07-21T09:30:38","modified_gmt":"2017-07-21T15:30:38","slug":"nosotros","status":"publish","type":"page","link":"https:\/\/www.inmuebleslafortaleza.com\/?page_id=34","title":{"rendered":"Nosotros"},"content":{"rendered":"<p><strong>La Fortaleza<\/strong> es una empresa distinguida por brindar servicios inmobiliarios con profesionalismo, visi\u00f3n vanguardista, altos est\u00e1ndares de seguridad calidad y modernidad, enfocados en maximizar el valor de las inversiones de nuestros accionistas y clientes con la total satisfacci\u00f3n de sus necesidades constituy\u00e9ndonos como un eslab\u00f3n de su negocio.<\/p>\n<p><strong>Los servicios inmobiliarios que ofrecemos son:<\/strong><\/p>\n<ul>\n<li>Venta y alquiler de propiedades.<\/li>\n<li>An\u00e1lisis del estado legal de la propiedad y del titular del inmueble antes de ser comercializado.<\/li>\n<li>Pedidos de informes de dominio en el registro de propiedad.<\/li>\n<li>Publicaci\u00f3n de las propiedades en medios de comunicaci\u00f3n acordes.<\/li>\n<\/ul>\n","protected":false},"excerpt":{"rendered":"<p>La Fortaleza es una empresa distinguida por brindar servicios inmobiliarios con profesionalismo, visi\u00f3n vanguardista, altos est\u00e1ndares de seguridad calidad y modernidad, enfocados en maximizar el valor de las inversiones de nuestros accionistas y clientes con la total satisfacci\u00f3n de sus necesidades constituy\u00e9ndonos como un eslab\u00f3n de su negocio. Los servicios inmobiliarios que ofrecemos son: Venta [&hellip;]<\/p>\n","protected":false},"author":1,"featured_media":0,"parent":0,"menu_order":0,"comment_status":"open","ping_status":"closed","template":"","meta":{"footnotes":""},"class_list":["post-34","page","type-page","status-publish","hentry"],"_links":{"self":[{"href":"https:\/\/www.inmuebleslafortaleza.com\/index.php?rest_route=\/wp\/v2\/pages\/34"}],"collection":[{"href":"https:\/\/www.inmuebleslafortaleza.com\/index.php?rest_route=\/wp\/v2\/pages"}],"about":[{"href":"https:\/\/www.inmuebleslafortaleza.com\/index.php?rest_route=\/wp\/v2\/types\/page"}],"author":[{"embeddable":true,"href":"https:\/\/www.inmuebleslafortaleza.com\/index.php?rest_route=\/wp\/v2\/users\/1"}],"replies":[{"embeddable":true,"href":"https:\/\/www.inmuebleslafortaleza.com\/index.php?rest_route=%2Fwp%2Fv2%2Fcomments&post=34"}],"version-history":[{"count":9,"href":"https:\/\/www.inmuebleslafortaleza.com\/index.php?rest_route=\/wp\/v2\/pages\/34\/revisions"}],"predecessor-version":[{"id":901,"href":"https:\/\/www.inmuebleslafortaleza.com\/index.php?rest_route=\/wp\/v2\/pages\/34\/revisions\/901"}],"wp:attachment":[{"href":"https:\/\/www.inmuebleslafortaleza.com\/index.php?rest_route=%2Fwp%2Fv2%2Fmedia&parent=34"}],"curies":[{"name":"wp","href":"https:\/\/api.w.org\/{rel}","templated":true}]}}